{"id":37,"date":"2021-04-05T03:48:30","date_gmt":"2021-04-05T03:48:30","guid":{"rendered":"https:\/\/shthemes.net\/demosd\/arcprime\/?page_id=37"},"modified":"2026-02-12T07:10:20","modified_gmt":"2026-02-12T04:10:20","slug":"2-el-urunlerimiz","status":"publish","type":"page","link":"https:\/\/afyonikincielesyaalimsatimspot.com.tr\/?page_id=37","title":{"rendered":"Services"},"content":{"rendered":"\t\t<div data-elementor-type=\"wp-page\" data-elementor-id=\"37\" class=\"elementor elementor-37\">\n\t\t\t\t\t\t<section class=\"elementor-section elementor-top-section elementor-element elementor-element-419f1fe elementor-section-full_width elementor-section-height-default elementor-section-height-default\" data-id=\"419f1fe\" data-element_type=\"section\" data-e-type=\"section\">\n\t\t\t\t\t\t<div class=\"elementor-container elementor-column-gap-no\">\n\t\t\t\t\t<div class=\"elementor-column elementor-col-100 elementor-top-column elementor-element elementor-element-51c1897\" data-id=\"51c1897\" data-element_type=\"column\" data-e-type=\"column\">\n\t\t\t<div class=\"elementor-widget-wrap elementor-element-populated\">\n\t\t\t\t\t\t<div class=\"elementor-element elementor-element-9c7f0d1 elementor-align-left elementor-widget elementor-widget-bdevs-banner\" data-id=\"9c7f0d1\" data-element_type=\"widget\" data-e-type=\"widget\" data-widget_type=\"bdevs-banner.default\">\n\t\t\t\t<div class=\"elementor-widget-container\">\n\t\t\t\t\t\t\t<!-- Banner Title -->\n\t    <div class=\"ready banner-padding bg-img\" data-overlay-dark=\"0\" data-background=\"http:\/\/afyonikincielesyaalimsatimspot.com.tr\/wp-content\/uploads\/2026\/02\/tbanner.jpg\">\n\t        <div class=\"container\">\n\t            <div class=\"row\">\n\t                <div class=\"col-md-12\">\n\t                    <div class=\"text-center\">\n\t                        <div class=\"title animate-box\" data-animate-effect=\"fadeInUp\">\n\t                            <h1>2.EL \u00dcR\u00dcNLER\u0130M\u0130Z<\/h1>\n\t                        <\/div>\n\t                    <\/div>\n\t                <\/div>\n\t            <\/div>\n\t        <\/div>\n\t    <\/div>\n\t\t\t\t\t<\/div>\n\t\t\t\t<\/div>\n\t\t\t\t\t<\/div>\n\t\t<\/div>\n\t\t\t\t\t<\/div>\n\t\t<\/section>\n\t\t<div class=\"elementor-element elementor-element-61c895e e-flex e-con-boxed e-con e-parent\" data-id=\"61c895e\" data-element_type=\"container\" data-e-type=\"container\">\n\t\t\t\t\t<div class=\"e-con-inner\">\n\t\t\t\t<div class=\"elementor-element elementor-element-7875597 elementor-align-left elementor-widget elementor-widget-bdevs-team\" data-id=\"7875597\" data-element_type=\"widget\" data-e-type=\"widget\" data-widget_type=\"bdevs-team.default\">\n\t\t\t\t<div class=\"elementor-widget-container\">\n\t\t\t\t\t\t\t<!-- Team -->\n\t    <div class=\"section-padding\">\n\t        <div class=\"container\">\n\t            <div class=\"row\">\n\t                <div class=\"col-md-3 mb-30 animate-box\" data-animate-effect=\"fadeInLeft\"> \n\t                \t\t                    <span>TEKK\u00d6K MOB\u0130LYA<\/span>\n\t                \t\t                    \t                    <h2>2'EL \u00dcR\u00dcNLER\u0130M\u0130Z<\/h2>\n\t                    \t                <\/div>\n\t            <\/div>\n\t            <div class=\"row\">\n\t            \t \n\t                <div class=\"col-md-4\">\n\t                    <div class=\"team-holder animate-box\" data-animate-effect=\"fadeInLeft\">\n\t                        <div class=\"team-image-holder\"> <img decoding=\"async\" src=\"http:\/\/afyonikincielesyaalimsatimspot.com.tr\/wp-content\/uploads\/2026\/02\/3koltuk003.jpg\" class=\"img-fluid\" alt=\"\">\n\t                            <div class=\"team-side-info\">\n\t                                <h4 class=\"team-name\">KOLTUK  <\/h4>\n\t                                <h6 class=\"team-position\">TEKK\u00d6K MOB\u0130LYA<\/h6>\n\t                            <\/div>\n\t                        <\/div>\n\t                        <p>Sosyal Medya<\/p>\n\t                        <ul class=\"team-info-social\">\n\t                        \t\t                            <li><a href=\"#\"><i class=\"ti-facebook\"><\/i><\/a><\/li>\n\t                        \t\t                        \t\t                            \t                            <li><a href=\"#\"><i class=\"ti-instagram\"><\/i><\/a><\/li>\n\t                            \t                            \t                        <\/ul>\n\t                    <\/div>\n\t                <\/div>\n\t           \t\t \n\t                <div class=\"col-md-4\">\n\t                    <div class=\"team-holder animate-box\" data-animate-effect=\"fadeInLeft\">\n\t                        <div class=\"team-image-holder\"> <img decoding=\"async\" src=\"http:\/\/afyonikincielesyaalimsatimspot.com.tr\/wp-content\/uploads\/2026\/02\/zigon003.jpg\" class=\"img-fluid\" alt=\"\">\n\t                            <div class=\"team-side-info\">\n\t                                <h4 class=\"team-name\">SEHBA <\/h4>\n\t                                <h6 class=\"team-position\">TEKK\u00d6K MOB\u0130LYA<\/h6>\n\t                            <\/div>\n\t                        <\/div>\n\t                        <p>Sosyal Medya<\/p>\n\t                        <ul class=\"team-info-social\">\n\t                        \t\t                            <li><a href=\"#\"><i class=\"ti-facebook\"><\/i><\/a><\/li>\n\t                        \t\t                        \t\t                            \t                            <li><a href=\"#\"><i class=\"ti-instagram\"><\/i><\/a><\/li>\n\t                            \t                            \t                        <\/ul>\n\t                    <\/div>\n\t                <\/div>\n\t           \t\t \n\t                <div class=\"col-md-4\">\n\t                    <div class=\"team-holder animate-box\" data-animate-effect=\"fadeInLeft\">\n\t                        <div class=\"team-image-holder\"> <img decoding=\"async\" src=\"http:\/\/afyonikincielesyaalimsatimspot.com.tr\/wp-content\/uploads\/2026\/02\/lkoltuk003.jpg\" class=\"img-fluid\" alt=\"\">\n\t                            <div class=\"team-side-info\">\n\t                                <h4 class=\"team-name\">K\u00d6\u015eEL\u0130 KOLTUK  <\/h4>\n\t                                <h6 class=\"team-position\">TEKK\u00d6K MOB\u0130LYA<\/h6>\n\t                            <\/div>\n\t                        <\/div>\n\t                        <p>Sosyal Medya<\/p>\n\t                        <ul class=\"team-info-social\">\n\t                        \t\t                            <li><a href=\"#\"><i class=\"ti-facebook\"><\/i><\/a><\/li>\n\t                        \t\t                        \t\t                            \t                            <li><a href=\"#\"><i class=\"ti-instagram\"><\/i><\/a><\/li>\n\t                            \t                            \t                        <\/ul>\n\t                    <\/div>\n\t                <\/div>\n\t           \t\t \n\t                <div class=\"col-md-4\">\n\t                    <div class=\"team-holder animate-box\" data-animate-effect=\"fadeInLeft\">\n\t                        <div class=\"team-image-holder\"> <img decoding=\"async\" src=\"http:\/\/afyonikincielesyaalimsatimspot.com.tr\/wp-content\/uploads\/2026\/02\/camasir003.jpg\" class=\"img-fluid\" alt=\"\">\n\t                            <div class=\"team-side-info\">\n\t                                <h4 class=\"team-name\">\u00c7AMA\u015eIR MAK\u0130NASI <\/h4>\n\t                                <h6 class=\"team-position\">TEKK\u00d6K MOB\u0130LYA<\/h6>\n\t                            <\/div>\n\t                        <\/div>\n\t                        <p>Sosyal Medya<\/p>\n\t                        <ul class=\"team-info-social\">\n\t                        \t\t                            <li><a href=\"#\"><i class=\"ti-facebook\"><\/i><\/a><\/li>\n\t                        \t\t                        \t\t                            \t                            <li><a href=\"#\"><i class=\"ti-instagram\"><\/i><\/a><\/li>\n\t                            \t                            \t                        <\/ul>\n\t                    <\/div>\n\t                <\/div>\n\t           \t\t \n\t                <div class=\"col-md-4\">\n\t                    <div class=\"team-holder animate-box\" data-animate-effect=\"fadeInLeft\">\n\t                        <div class=\"team-image-holder\"> <img decoding=\"async\" src=\"http:\/\/afyonikincielesyaalimsatimspot.com.tr\/wp-content\/uploads\/2026\/02\/buzdolabi003.jpg\" class=\"img-fluid\" alt=\"\">\n\t                            <div class=\"team-side-info\">\n\t                                <h4 class=\"team-name\">BUZ DOLABI <\/h4>\n\t                                <h6 class=\"team-position\">TEKK\u00d6K MOB\u0130LYA<\/h6>\n\t                            <\/div>\n\t                        <\/div>\n\t                        <p>Sosyal Medya<\/p>\n\t                        <ul class=\"team-info-social\">\n\t                        \t\t                            <li><a href=\"#\"><i class=\"ti-facebook\"><\/i><\/a><\/li>\n\t                        \t\t                        \t\t                            \t                            <li><a href=\"#\"><i class=\"ti-instagram\"><\/i><\/a><\/li>\n\t                            \t                            \t                        <\/ul>\n\t                    <\/div>\n\t                <\/div>\n\t           \t\t \n\t                <div class=\"col-md-4\">\n\t                    <div class=\"team-holder animate-box\" data-animate-effect=\"fadeInLeft\">\n\t                        <div class=\"team-image-holder\"> <img decoding=\"async\" src=\"http:\/\/afyonikincielesyaalimsatimspot.com.tr\/wp-content\/uploads\/2026\/02\/tekisilikbaza003.jpg\" class=\"img-fluid\" alt=\"\">\n\t                            <div class=\"team-side-info\">\n\t                                <h4 class=\"team-name\">BAZA <\/h4>\n\t                                <h6 class=\"team-position\">TEKK\u00d6K MOB\u0130LYA<\/h6>\n\t                            <\/div>\n\t                        <\/div>\n\t                        <p>Sosyal Medya<\/p>\n\t                        <ul class=\"team-info-social\">\n\t                        \t\t                            <li><a href=\"#\"><i class=\"ti-facebook\"><\/i><\/a><\/li>\n\t                        \t\t                        \t\t                            \t                            <li><a href=\"#\"><i class=\"ti-instagram\"><\/i><\/a><\/li>\n\t                            \t                            \t                        <\/ul>\n\t                    <\/div>\n\t                <\/div>\n\t           \t\t\t            <\/div>\n\t        <\/div>\n\t    <\/div>\n\t\t\t\t\t<\/div>\n\t\t\t\t<\/div>\n\t\t\t\t\t<\/div>\n\t\t\t\t<\/div>\n\t\t\t\t<\/div>\n\t\t","protected":false},"excerpt":{"rendered":"<p>2.EL \u00dcR\u00dcNLER\u0130M\u0130Z TEKK\u00d6K MOB\u0130LYA 2&#8217;EL \u00dcR\u00dcNLER\u0130M\u0130Z KOLTUK TEKK\u00d6K MOB\u0130LYA Sosyal Medya SEHBA TEKK\u00d6K MOB\u0130LYA Sosyal Medya K\u00d6\u015eEL\u0130 KOLTUK TEKK\u00d6K MOB\u0130LYA Sosyal Medya \u00c7AMA\u015eIR MAK\u0130NASI TEKK\u00d6K MOB\u0130LYA Sosyal Medya BUZ DOLABI TEKK\u00d6K MOB\u0130LYA Sosyal Medya BAZA TEKK\u00d6K MOB\u0130LYA Sosyal Medya<\/p>\n","protected":false},"author":1,"featured_media":0,"parent":0,"menu_order":0,"comment_status":"closed","ping_status":"closed","template":"page-templates\/home-light.php","meta":{"footnotes":""},"class_list":["post-37","page","type-page","status-publish","hentry"],"_links":{"self":[{"href":"https:\/\/afyonikincielesyaalimsatimspot.com.tr\/index.php?rest_route=\/wp\/v2\/pages\/37","targetHints":{"allow":["GET"]}}],"collection":[{"href":"https:\/\/afyonikincielesyaalimsatimspot.com.tr\/index.php?rest_route=\/wp\/v2\/pages"}],"about":[{"href":"https:\/\/afyonikincielesyaalimsatimspot.com.tr\/index.php?rest_route=\/wp\/v2\/types\/page"}],"author":[{"embeddable":true,"href":"https:\/\/afyonikincielesyaalimsatimspot.com.tr\/index.php?rest_route=\/wp\/v2\/users\/1"}],"replies":[{"embeddable":true,"href":"https:\/\/afyonikincielesyaalimsatimspot.com.tr\/index.php?rest_route=%2Fwp%2Fv2%2Fcomments&post=37"}],"version-history":[{"count":8,"href":"https:\/\/afyonikincielesyaalimsatimspot.com.tr\/index.php?rest_route=\/wp\/v2\/pages\/37\/revisions"}],"predecessor-version":[{"id":653,"href":"https:\/\/afyonikincielesyaalimsatimspot.com.tr\/index.php?rest_route=\/wp\/v2\/pages\/37\/revisions\/653"}],"wp:attachment":[{"href":"https:\/\/afyonikincielesyaalimsatimspot.com.tr\/index.php?rest_route=%2Fwp%2Fv2%2Fmedia&parent=37"}],"curies":[{"name":"wp","href":"https:\/\/api.w.org\/{rel}","templated":true}]}}