{"id":32,"date":"2021-04-05T03:23:04","date_gmt":"2021-04-05T03:23:04","guid":{"rendered":"https:\/\/shthemes.net\/demosd\/arcprime\/?page_id=32"},"modified":"2026-02-12T02:51:57","modified_gmt":"2026-02-11T23:51:57","slug":"hakkimizda","status":"publish","type":"page","link":"https:\/\/afyonikincielesyaalimsatimspot.com.tr\/?page_id=32","title":{"rendered":"Hakk\u0131m\u0131zda"},"content":{"rendered":"\t\t<div data-elementor-type=\"wp-page\" data-elementor-id=\"32\" class=\"elementor elementor-32\">\n\t\t\t\t\t\t<section class=\"elementor-section elementor-top-section elementor-element elementor-element-62292e5 elementor-section-full_width elementor-section-height-default elementor-section-height-default\" data-id=\"62292e5\" data-element_type=\"section\" data-e-type=\"section\">\n\t\t\t\t\t\t<div class=\"elementor-container elementor-column-gap-no\">\n\t\t\t\t\t<div class=\"elementor-column elementor-col-100 elementor-top-column elementor-element elementor-element-c76696c\" data-id=\"c76696c\" data-element_type=\"column\" data-e-type=\"column\">\n\t\t\t<div class=\"elementor-widget-wrap elementor-element-populated\">\n\t\t\t\t\t\t<div class=\"elementor-element elementor-element-2a84471 elementor-align-left elementor-widget elementor-widget-bdevs-banner\" data-id=\"2a84471\" data-element_type=\"widget\" data-e-type=\"widget\" data-widget_type=\"bdevs-banner.default\">\n\t\t\t\t<div class=\"elementor-widget-container\">\n\t\t\t\t\t\t\t<!-- Banner Title -->\n\t    <div class=\"ready banner-padding bg-img\" data-overlay-dark=\"0\" data-background=\"http:\/\/afyonikincielesyaalimsatimspot.com.tr\/wp-content\/uploads\/2026\/02\/tbanner.jpg\">\n\t        <div class=\"container\">\n\t            <div class=\"row\">\n\t                <div class=\"col-md-12\">\n\t                    <div class=\"text-center\">\n\t                        <div class=\"title animate-box\" data-animate-effect=\"fadeInUp\">\n\t                            <h1>Hakk\u0131m\u0131zda <\/h1>\n\t                        <\/div>\n\t                    <\/div>\n\t                <\/div>\n\t            <\/div>\n\t        <\/div>\n\t    <\/div>\n\t\t\t\t\t<\/div>\n\t\t\t\t<\/div>\n\t\t\t\t\t<\/div>\n\t\t<\/div>\n\t\t\t\t\t<\/div>\n\t\t<\/section>\n\t\t\t\t<section class=\"elementor-section elementor-top-section elementor-element elementor-element-46576b8 elementor-section-full_width elementor-section-height-default elementor-section-height-default\" data-id=\"46576b8\" data-element_type=\"section\" data-e-type=\"section\">\n\t\t\t\t\t\t<div class=\"elementor-container elementor-column-gap-no\">\n\t\t\t\t\t<div class=\"elementor-column elementor-col-100 elementor-top-column elementor-element elementor-element-451ca78\" data-id=\"451ca78\" data-element_type=\"column\" data-e-type=\"column\">\n\t\t\t<div class=\"elementor-widget-wrap elementor-element-populated\">\n\t\t\t\t\t\t<div class=\"elementor-element elementor-element-343df92 elementor-align-left elementor-widget elementor-widget-bdevs-about\" data-id=\"343df92\" data-element_type=\"widget\" data-e-type=\"widget\" data-widget_type=\"bdevs-about.default\">\n\t\t\t\t<div class=\"elementor-widget-container\">\n\t\t\t\t\t\t\t<div class=\"section-padding\">\n\t        <div class=\"container\">\n\t            <div class=\"row\">\n\t                <div class=\"col-md-3 mb-30 animate-box\" data-animate-effect=\"fadeInLeft\">\n\t                \t\t                    <span>HAKKIMIZDA<\/span>\n\t                \t\t                    \t                    <h2>TEKK\u00d6K Mobilya<\/h2>\n\t                    \t                <\/div>\n\t            <\/div>\n\t            <div class=\"row\">\n\t                <div class=\"col-md-7\">\n\t                    <div class=\"row\">\n\t                        <div class=\"col-md-3\"> <span class=\"line-one animate-box\" data-animate-effect=\"fadeInLeft\"><\/span> <\/div>\n\t                        <div class=\"col-md-8 animate-box\" data-animate-effect=\"fadeInLeft\">\n\t                            <p><strong>Afyon'un G\u00fcvenilir \u0130kinci El E\u015fya ve Spot Merkezi<\/strong><\/p><p>Afyonkarahisar'\u0131n \u00f6nde gelen ikinci el e\u015fya al\u0131m sat\u0131m ve spot e\u015fya firmalar\u0131ndan biri olarak y\u0131llard\u0131r hizmet vermektedir. M\u00fc\u015fteri memnuniyetini ve g\u00fcvenilir ticaret ilkelerini \u00f6n planda tutarak, evinizdeki ve i\u015f yerinizdeki kullan\u0131lmayan e\u015fyalar\u0131 de\u011ferlendiriyor, ihtiyac\u0131n\u0131z olan kaliteli \u00fcr\u00fcnleri uygun fiyatlarla sunuyoruz.<br \/>Neden Bizi Tercih Etmelisiniz?<br \/>\u2705 H\u0131zl\u0131 ve G\u00fcvenilir Al\u0131m Hizmeti<br \/>Evinizde, ofisinizde veya depolar\u0131n\u0131zda biriken kullan\u0131lmayan e\u015fyalar i\u00e7in yerinde de\u011ferlendirme hizmeti sunuyoruz. E\u015fyalar\u0131n\u0131z\u0131 piyasa de\u011ferinin \u00fczerinde fiyatlarla nakit olarak an\u0131nda sat\u0131n al\u0131yoruz.<br \/>\u2705 Geni\u015f \u00dcr\u00fcn Yelpazesi<br \/>Spot ma\u011fazam\u0131zda; ikinci el beyaz e\u015fya, mobilya, elektronik e\u015fya, ofis mobilyas\u0131, antika e\u015fya ve \u00e7ok daha fazlas\u0131n\u0131 bulabilirsiniz. T\u00fcm \u00fcr\u00fcnlerimiz titizlikle kontrol edilir ve garantili olarak sat\u0131\u015fa sunulur.<br \/>\u2705 Afyon'un Her Noktas\u0131na Hizmet<br \/>Merkez il\u00e7e ba\u015fta olmak \u00fczere Sand\u0131kl\u0131, Dinar, Bolvadin, \u00c7ay, \u0130hsaniye ve t\u00fcm il\u00e7elere \u00fccretsiz e\u015fya ta\u015f\u0131ma ve de\u011ferlendirme hizmeti vermekteyiz.<\/p>\t                            \t                            <div class=\"row\">\n\t                                <div class=\"col-md-12 text-left mb-60\">\n\t                                    <div class=\"yearimg\">\n\t                                        <div class=\"numb\"><\/div>\n\t                                    <\/div>\n\t                                    <div class=\"year\">\n\t                                        <h6 class=\"small-title\"><\/h6>\n\t                                        <h4 class=\"title\"><\/h4>\n\t                                    <\/div>\n\t                                <\/div>\n\t                            <\/div>\n\t                        \t\t                        <\/div>\n\t                    <\/div>\n\t                <\/div>\n\t                <div class=\"col-md-5\">\n\t                    <div class=\"arcprime-about-img animate-box\" data-animate-effect=\"fadeInLeft\">\n\t                        <div class=\"img\"> <img decoding=\"async\" src=\"http:\/\/afyonikincielesyaalimsatimspot.com.tr\/wp-content\/uploads\/2026\/02\/IMG-20260211-WA0000.jpg\" alt=\"\"> <\/div>\n\t                    <\/div>\n\t                <\/div>\n\t            <\/div>\n\t        <\/div>\n\t\t\t\n\t\t\t\n\t    <\/div>\n\t\t\t\t\t<\/div>\n\t\t\t\t<\/div>\n\t\t\t\t\t<\/div>\n\t\t<\/div>\n\t\t\t\t\t<\/div>\n\t\t<\/section>\n\t\t\t\t<\/div>\n\t\t","protected":false},"excerpt":{"rendered":"<p>Hakk\u0131m\u0131zda HAKKIMIZDA TEKK\u00d6K Mobilya Afyon&#8217;un G\u00fcvenilir \u0130kinci El E\u015fya ve Spot Merkezi Afyonkarahisar&#8217;\u0131n \u00f6nde gelen ikinci el e\u015fya al\u0131m sat\u0131m ve spot e\u015fya firmalar\u0131ndan biri olarak y\u0131llard\u0131r hizmet vermektedir. M\u00fc\u015fteri memnuniyetini ve g\u00fcvenilir ticaret ilkelerini \u00f6n planda tutarak, evinizdeki ve i\u015f yerinizdeki kullan\u0131lmayan e\u015fyalar\u0131 de\u011ferlendiriyor, ihtiyac\u0131n\u0131z olan kaliteli \u00fcr\u00fcnleri uygun fiyatlarla sunuyoruz.Neden Bizi Tercih Etmelisiniz?\u2705 [&hellip;]<\/p>\n","protected":false},"author":1,"featured_media":0,"parent":0,"menu_order":0,"comment_status":"closed","ping_status":"closed","template":"page-templates\/home-light.php","meta":{"footnotes":""},"class_list":["post-32","page","type-page","status-publish","hentry"],"_links":{"self":[{"href":"https:\/\/afyonikincielesyaalimsatimspot.com.tr\/index.php?rest_route=\/wp\/v2\/pages\/32","targetHints":{"allow":["GET"]}}],"collection":[{"href":"https:\/\/afyonikincielesyaalimsatimspot.com.tr\/index.php?rest_route=\/wp\/v2\/pages"}],"about":[{"href":"https:\/\/afyonikincielesyaalimsatimspot.com.tr\/index.php?rest_route=\/wp\/v2\/types\/page"}],"author":[{"embeddable":true,"href":"https:\/\/afyonikincielesyaalimsatimspot.com.tr\/index.php?rest_route=\/wp\/v2\/users\/1"}],"replies":[{"embeddable":true,"href":"https:\/\/afyonikincielesyaalimsatimspot.com.tr\/index.php?rest_route=%2Fwp%2Fv2%2Fcomments&post=32"}],"version-history":[{"count":6,"href":"https:\/\/afyonikincielesyaalimsatimspot.com.tr\/index.php?rest_route=\/wp\/v2\/pages\/32\/revisions"}],"predecessor-version":[{"id":610,"href":"https:\/\/afyonikincielesyaalimsatimspot.com.tr\/index.php?rest_route=\/wp\/v2\/pages\/32\/revisions\/610"}],"wp:attachment":[{"href":"https:\/\/afyonikincielesyaalimsatimspot.com.tr\/index.php?rest_route=%2Fwp%2Fv2%2Fmedia&parent=32"}],"curies":[{"name":"wp","href":"https:\/\/api.w.org\/{rel}","templated":true}]}}