{"id":29,"date":"2021-04-05T03:15:09","date_gmt":"2021-04-05T03:15:09","guid":{"rendered":"https:\/\/shthemes.net\/demosd\/arcprime\/?page_id=29"},"modified":"2026-02-14T02:55:17","modified_gmt":"2026-02-13T23:55:17","slug":"anasayfa","status":"publish","type":"page","link":"https:\/\/afyonikincielesyaalimsatimspot.com.tr\/","title":{"rendered":"Anasayfa"},"content":{"rendered":"\t\t<div data-elementor-type=\"wp-page\" data-elementor-id=\"29\" class=\"elementor elementor-29\">\n\t\t\t\t\t\t<section class=\"elementor-section elementor-top-section elementor-element elementor-element-0d2ebb6 elementor-section-full_width elementor-section-height-default elementor-section-height-default\" data-id=\"0d2ebb6\" data-element_type=\"section\" data-e-type=\"section\">\n\t\t\t\t\t\t<div class=\"elementor-container elementor-column-gap-no\">\n\t\t\t\t\t<div class=\"elementor-column elementor-col-100 elementor-top-column elementor-element elementor-element-2a9cd76\" data-id=\"2a9cd76\" data-element_type=\"column\" data-e-type=\"column\">\n\t\t\t<div class=\"elementor-widget-wrap elementor-element-populated\">\n\t\t\t\t\t\t<div class=\"elementor-element elementor-element-9c40537 elementor-align-left elementor-widget elementor-widget-bdevs-slider\" data-id=\"9c40537\" data-element_type=\"widget\" data-e-type=\"widget\" data-widget_type=\"bdevs-slider.default\">\n\t\t\t\t<div class=\"elementor-widget-container\">\n\t\t\t\t\t\t\t<div class=\"arcprime-homepage-slider\">\n\t        <div class=\"container\">\n\t            <div class=\"row\">\n\t                <div class=\"col-md-12\">\n\t                    <div class=\"arcprime-slider\">\n\t                    \t \n\t                        <div class=\"arcprime-slider-item\">\n\t                            <a href=\"#\"> <img decoding=\"async\" class=\"arcprime-slider-img\" src=\"http:\/\/afyonikincielesyaalimsatimspot.com.tr\/wp-content\/uploads\/2026\/02\/lkoltuk003.jpg\" alt=\"\">\n\t                                <div class=\"arcprime-slider-caption\">\n\t                                    <div class=\"arcprime-slider-number\">01.<\/div>\n\t                                    <div class=\"arcprime-slider-subtitle\">TEKK\u00d6K MOB\u0130LYA<\/div>\n\t                                    <div class=\"arcprime-slider-title\">L - KOLTUK<\/div>\n\t                                <\/div>\n\t                            <\/a>\n\t                        <\/div>\n\t                    \t \n\t                        <div class=\"arcprime-slider-item\">\n\t                            <a href=\"#\"> <img decoding=\"async\" class=\"arcprime-slider-img\" src=\"http:\/\/afyonikincielesyaalimsatimspot.com.tr\/wp-content\/uploads\/2026\/02\/zigon003.jpg\" alt=\"\">\n\t                                <div class=\"arcprime-slider-caption\">\n\t                                    <div class=\"arcprime-slider-number\">02.<\/div>\n\t                                    <div class=\"arcprime-slider-subtitle\">TEKK\u00d6K MOB\u0130LYA<\/div>\n\t                                    <div class=\"arcprime-slider-title\">3'L\u00fc Sehba<\/div>\n\t                                <\/div>\n\t                            <\/a>\n\t                        <\/div>\n\t                    \t \n\t                        <div class=\"arcprime-slider-item\">\n\t                            <a href=\"#\"> <img decoding=\"async\" class=\"arcprime-slider-img\" src=\"http:\/\/afyonikincielesyaalimsatimspot.com.tr\/wp-content\/uploads\/2026\/02\/3koltuk003.jpg\" alt=\"\">\n\t                                <div class=\"arcprime-slider-caption\">\n\t                                    <div class=\"arcprime-slider-number\">03.<\/div>\n\t                                    <div class=\"arcprime-slider-subtitle\">TEKK\u00d6K MOB\u0130LYA<\/div>\n\t                                    <div class=\"arcprime-slider-title\">KOLTUK<\/div>\n\t                                <\/div>\n\t                            <\/a>\n\t                        <\/div>\n\t                    \t \n\t                        <div class=\"arcprime-slider-item\">\n\t                            <a href=\"#\"> <img decoding=\"async\" class=\"arcprime-slider-img\" src=\"http:\/\/afyonikincielesyaalimsatimspot.com.tr\/wp-content\/uploads\/2026\/02\/buzdolabi003.jpg\" alt=\"\">\n\t                                <div class=\"arcprime-slider-caption\">\n\t                                    <div class=\"arcprime-slider-number\">04.<\/div>\n\t                                    <div class=\"arcprime-slider-subtitle\">TEKK\u00d6K MOB\u0130LYA<\/div>\n\t                                    <div class=\"arcprime-slider-title\">BUZDOLABI<\/div>\n\t                                <\/div>\n\t                            <\/a>\n\t                        <\/div>\n\t                    \t \n\t                        <div class=\"arcprime-slider-item\">\n\t                            <a href=\"#\"> <img decoding=\"async\" class=\"arcprime-slider-img\" src=\"http:\/\/afyonikincielesyaalimsatimspot.com.tr\/wp-content\/uploads\/2026\/02\/tekisilikbaza003.jpg\" alt=\"\">\n\t                                <div class=\"arcprime-slider-caption\">\n\t                                    <div class=\"arcprime-slider-number\">05.<\/div>\n\t                                    <div class=\"arcprime-slider-subtitle\">TEKK\u00d6K MOB\u0130LYA<\/div>\n\t                                    <div class=\"arcprime-slider-title\">BAZA<\/div>\n\t                                <\/div>\n\t                            <\/a>\n\t                        <\/div>\n\t                    \t \n\t                        <div class=\"arcprime-slider-item\">\n\t                            <a href=\"#\"> <img decoding=\"async\" class=\"arcprime-slider-img\" src=\"http:\/\/afyonikincielesyaalimsatimspot.com.tr\/wp-content\/uploads\/2026\/02\/camasir003.jpg\" alt=\"\">\n\t                                <div class=\"arcprime-slider-caption\">\n\t                                    <div class=\"arcprime-slider-number\">06.<\/div>\n\t                                    <div class=\"arcprime-slider-subtitle\">TEKK\u00d6K MOB\u0130LYA<\/div>\n\t                                    <div class=\"arcprime-slider-title\">\u00c7AMA\u015eIR MAK\u0130NASI<\/div>\n\t                                <\/div>\n\t                            <\/a>\n\t                        <\/div>\n\t                    \t\t                    <\/div>\n\t                <\/div>\n\t            <\/div>\n\t        <\/div>\n\t    <\/div>\n\t\t<!-- slider-area -->\n\n\n\t\t\t\t\t<\/div>\n\t\t\t\t<\/div>\n\t\t\t\t\t<\/div>\n\t\t<\/div>\n\t\t\t\t\t<\/div>\n\t\t<\/section>\n\t\t\t\t<section class=\"elementor-section elementor-top-section elementor-element elementor-element-6a7659e elementor-section-full_width elementor-section-height-default elementor-section-height-default\" data-id=\"6a7659e\" data-element_type=\"section\" data-e-type=\"section\">\n\t\t\t\t\t\t<div class=\"elementor-container elementor-column-gap-no\">\n\t\t\t\t\t<div class=\"elementor-column elementor-col-100 elementor-top-column elementor-element elementor-element-b4cb373\" data-id=\"b4cb373\" data-element_type=\"column\" data-e-type=\"column\">\n\t\t\t<div class=\"elementor-widget-wrap elementor-element-populated\">\n\t\t\t\t\t\t<div class=\"elementor-element elementor-element-baa636c elementor-align-left elementor-widget elementor-widget-bdevs-about\" data-id=\"baa636c\" data-element_type=\"widget\" data-e-type=\"widget\" data-widget_type=\"bdevs-about.default\">\n\t\t\t\t<div class=\"elementor-widget-container\">\n\t\t\t\t\t\t\t<div class=\"section-padding\">\n\t        <div class=\"container\">\n\t            <div class=\"row\">\n\t                <div class=\"col-md-3 mb-30 animate-box\" data-animate-effect=\"fadeInLeft\">\n\t                \t\t                    <span>HAKKIMIZDA<\/span>\n\t                \t\t                    \t                    <h2>TEKK\u00d6K Mobilya<\/h2>\n\t                    \t                <\/div>\n\t            <\/div>\n\t            <div class=\"row\">\n\t                <div class=\"col-md-7\">\n\t                    <div class=\"row\">\n\t                        <div class=\"col-md-3\"> <span class=\"line-one animate-box\" data-animate-effect=\"fadeInLeft\"><\/span> <\/div>\n\t                        <div class=\"col-md-8 animate-box\" data-animate-effect=\"fadeInLeft\">\n\t                            <p><strong>Afyon'un G\u00fcvenilir \u0130kinci El E\u015fya ve Spot Merkezi <\/strong><\/p><p>Afyonkarahisar'\u0131n \u00f6nde gelen ikinci el e\u015fya al\u0131m sat\u0131m ve spot e\u015fya firmalar\u0131ndan biri olarak y\u0131llard\u0131r hizmet vermektedir. M\u00fc\u015fteri memnuniyetini ve g\u00fcvenilir ticaret ilkelerini \u00f6n planda tutarak, evinizdeki ve i\u015f yerinizdeki kullan\u0131lmayan e\u015fyalar\u0131 de\u011ferlendiriyor, ihtiyac\u0131n\u0131z olan kaliteli \u00fcr\u00fcnleri uygun fiyatlarla sunuyoruz.<\/p><p>Neden Bizi Tercih Etmelisiniz?<br \/>\u2705 H\u0131zl\u0131 ve G\u00fcvenilir Al\u0131m Hizmeti<br \/>Evinizde, ofisinizde veya depolar\u0131n\u0131zda biriken kullan\u0131lmayan e\u015fyalar i\u00e7in yerinde de\u011ferlendirme hizmeti sunuyoruz. E\u015fyalar\u0131n\u0131z\u0131 piyasa de\u011ferinin \u00fczerinde fiyatlarla nakit olarak an\u0131nda sat\u0131n al\u0131yoruz.<br \/>\u2705 Geni\u015f \u00dcr\u00fcn Yelpazesi<br \/>Spot ma\u011fazam\u0131zda; ikinci el beyaz e\u015fya, mobilya, elektronik e\u015fya, ofis mobilyas\u0131, antika e\u015fya ve \u00e7ok daha fazlas\u0131n\u0131 bulabilirsiniz. T\u00fcm \u00fcr\u00fcnlerimiz titizlikle kontrol edilir ve garantili olarak sat\u0131\u015fa sunulur.<\/p>\t                            \t                            <div class=\"row\">\n\t                                <div class=\"col-md-12 text-left mb-60\">\n\t                                    <div class=\"yearimg\">\n\t                                        <div class=\"numb\"><\/div>\n\t                                    <\/div>\n\t                                    <div class=\"year\">\n\t                                        <h6 class=\"small-title\"><\/h6>\n\t                                        <h4 class=\"title\"><\/h4>\n\t                                    <\/div>\n\t                                <\/div>\n\t                            <\/div>\n\t                        \t\t                        <\/div>\n\t                    <\/div>\n\t                <\/div>\n\t                <div class=\"col-md-5\">\n\t                    <div class=\"arcprime-about-img animate-box\" data-animate-effect=\"fadeInLeft\">\n\t                        <div class=\"img\"> <img decoding=\"async\" src=\"http:\/\/afyonikincielesyaalimsatimspot.com.tr\/wp-content\/uploads\/2026\/02\/IMG-20260211-WA0000.jpg\" alt=\"\"> <\/div>\n\t                    <\/div>\n\t                <\/div>\n\t            <\/div>\n\t        <\/div>\n\t\t\t\n\t\t\t\n\t    <\/div>\n\t\t\t\t\t<\/div>\n\t\t\t\t<\/div>\n\t\t\t\t\t<\/div>\n\t\t<\/div>\n\t\t\t\t\t<\/div>\n\t\t<\/section>\n\t\t<div class=\"elementor-element elementor-element-3a032f1 e-flex e-con-boxed e-con e-parent\" data-id=\"3a032f1\" data-element_type=\"container\" data-e-type=\"container\">\n\t\t\t\t\t<div class=\"e-con-inner\">\n\t\t\t\t<div class=\"elementor-element elementor-element-f8665d2 elementor-align-left elementor-widget elementor-widget-bdevs-team\" data-id=\"f8665d2\" data-element_type=\"widget\" data-e-type=\"widget\" data-widget_type=\"bdevs-team.default\">\n\t\t\t\t<div class=\"elementor-widget-container\">\n\t\t\t\t\t\t\t<!-- Team -->\n\t    <div class=\"section-padding\">\n\t        <div class=\"container\">\n\t            <div class=\"row\">\n\t                <div class=\"col-md-3 mb-30 animate-box\" data-animate-effect=\"fadeInLeft\"> \n\t                \t\t                    <span>TEKK\u00d6K MOB\u0130LYA<\/span>\n\t                \t\t                    \t                    <h2>2'EL \u00dcR\u00dcNLER\u0130M\u0130Z<\/h2>\n\t                    \t                <\/div>\n\t            <\/div>\n\t            <div class=\"row\">\n\t            \t \n\t                <div class=\"col-md-4\">\n\t                    <div class=\"team-holder animate-box\" data-animate-effect=\"fadeInLeft\">\n\t                        <div class=\"team-image-holder\"> <img decoding=\"async\" src=\"http:\/\/afyonikincielesyaalimsatimspot.com.tr\/wp-content\/uploads\/2026\/02\/3koltuk003.jpg\" class=\"img-fluid\" alt=\"\">\n\t                            <div class=\"team-side-info\">\n\t                                <h4 class=\"team-name\">KOLTUK  <\/h4>\n\t                                <h6 class=\"team-position\">TEKK\u00d6K MOB\u0130LYA<\/h6>\n\t                            <\/div>\n\t                        <\/div>\n\t                        <p>Sosyal Medya<\/p>\n\t                        <ul class=\"team-info-social\">\n\t                        \t\t                            <li><a href=\"#\"><i class=\"ti-facebook\"><\/i><\/a><\/li>\n\t                        \t\t                        \t\t                            \t                            <li><a href=\"#\"><i class=\"ti-instagram\"><\/i><\/a><\/li>\n\t                            \t                            \t                        <\/ul>\n\t                    <\/div>\n\t                <\/div>\n\t           \t\t \n\t                <div class=\"col-md-4\">\n\t                    <div class=\"team-holder animate-box\" data-animate-effect=\"fadeInLeft\">\n\t                        <div class=\"team-image-holder\"> <img decoding=\"async\" src=\"http:\/\/afyonikincielesyaalimsatimspot.com.tr\/wp-content\/uploads\/2026\/02\/zigon003.jpg\" class=\"img-fluid\" alt=\"\">\n\t                            <div class=\"team-side-info\">\n\t                                <h4 class=\"team-name\">SEHBA <\/h4>\n\t                                <h6 class=\"team-position\">TEKK\u00d6K MOB\u0130LYA<\/h6>\n\t                            <\/div>\n\t                        <\/div>\n\t                        <p>Sosyal Medya<\/p>\n\t                        <ul class=\"team-info-social\">\n\t                        \t\t                            <li><a href=\"#\"><i class=\"ti-facebook\"><\/i><\/a><\/li>\n\t                        \t\t                        \t\t                            \t                            <li><a href=\"#\"><i class=\"ti-instagram\"><\/i><\/a><\/li>\n\t                            \t                            \t                        <\/ul>\n\t                    <\/div>\n\t                <\/div>\n\t           \t\t \n\t                <div class=\"col-md-4\">\n\t                    <div class=\"team-holder animate-box\" data-animate-effect=\"fadeInLeft\">\n\t                        <div class=\"team-image-holder\"> <img decoding=\"async\" src=\"http:\/\/afyonikincielesyaalimsatimspot.com.tr\/wp-content\/uploads\/2026\/02\/lkoltuk003.jpg\" class=\"img-fluid\" alt=\"\">\n\t                            <div class=\"team-side-info\">\n\t                                <h4 class=\"team-name\">K\u00d6\u015eEL\u0130 KOLTUK  <\/h4>\n\t                                <h6 class=\"team-position\">TEKK\u00d6K MOB\u0130LYA<\/h6>\n\t                            <\/div>\n\t                        <\/div>\n\t                        <p>Sosyal Medya<\/p>\n\t                        <ul class=\"team-info-social\">\n\t                        \t\t                            <li><a href=\"#\"><i class=\"ti-facebook\"><\/i><\/a><\/li>\n\t                        \t\t                        \t\t                            \t                            <li><a href=\"#\"><i class=\"ti-instagram\"><\/i><\/a><\/li>\n\t                            \t                            \t                        <\/ul>\n\t                    <\/div>\n\t                <\/div>\n\t           \t\t \n\t                <div class=\"col-md-4\">\n\t                    <div class=\"team-holder animate-box\" data-animate-effect=\"fadeInLeft\">\n\t                        <div class=\"team-image-holder\"> <img decoding=\"async\" src=\"http:\/\/afyonikincielesyaalimsatimspot.com.tr\/wp-content\/uploads\/2026\/02\/camasir003.jpg\" class=\"img-fluid\" alt=\"\">\n\t                            <div class=\"team-side-info\">\n\t                                <h4 class=\"team-name\">\u00c7AMA\u015eIR MAK\u0130NASI <\/h4>\n\t                                <h6 class=\"team-position\">TEKK\u00d6K MOB\u0130LYA<\/h6>\n\t                            <\/div>\n\t                        <\/div>\n\t                        <p>Sosyal Medya<\/p>\n\t                        <ul class=\"team-info-social\">\n\t                        \t\t                            <li><a href=\"#\"><i class=\"ti-facebook\"><\/i><\/a><\/li>\n\t                        \t\t                        \t\t                            \t                            <li><a href=\"#\"><i class=\"ti-instagram\"><\/i><\/a><\/li>\n\t                            \t                            \t                        <\/ul>\n\t                    <\/div>\n\t                <\/div>\n\t           \t\t \n\t                <div class=\"col-md-4\">\n\t                    <div class=\"team-holder animate-box\" data-animate-effect=\"fadeInLeft\">\n\t                        <div class=\"team-image-holder\"> <img decoding=\"async\" src=\"http:\/\/afyonikincielesyaalimsatimspot.com.tr\/wp-content\/uploads\/2026\/02\/buzdolabi003.jpg\" class=\"img-fluid\" alt=\"\">\n\t                            <div class=\"team-side-info\">\n\t                                <h4 class=\"team-name\">BUZ DOLABI <\/h4>\n\t                                <h6 class=\"team-position\">TEKK\u00d6K MOB\u0130LYA<\/h6>\n\t                            <\/div>\n\t                        <\/div>\n\t                        <p>Sosyal Medya<\/p>\n\t                        <ul class=\"team-info-social\">\n\t                        \t\t                            <li><a href=\"#\"><i class=\"ti-facebook\"><\/i><\/a><\/li>\n\t                        \t\t                        \t\t                            \t                            <li><a href=\"#\"><i class=\"ti-instagram\"><\/i><\/a><\/li>\n\t                            \t                            \t                        <\/ul>\n\t                    <\/div>\n\t                <\/div>\n\t           \t\t \n\t                <div class=\"col-md-4\">\n\t                    <div class=\"team-holder animate-box\" data-animate-effect=\"fadeInLeft\">\n\t                        <div class=\"team-image-holder\"> <img decoding=\"async\" src=\"http:\/\/afyonikincielesyaalimsatimspot.com.tr\/wp-content\/uploads\/2026\/02\/tekisilikbaza003.jpg\" class=\"img-fluid\" alt=\"\">\n\t                            <div class=\"team-side-info\">\n\t                                <h4 class=\"team-name\">BAZA <\/h4>\n\t                                <h6 class=\"team-position\">TEKK\u00d6K MOB\u0130LYA<\/h6>\n\t                            <\/div>\n\t                        <\/div>\n\t                        <p>Sosyal Medya<\/p>\n\t                        <ul class=\"team-info-social\">\n\t                        \t\t                            <li><a href=\"#\"><i class=\"ti-facebook\"><\/i><\/a><\/li>\n\t                        \t\t                        \t\t                            \t                            <li><a href=\"#\"><i class=\"ti-instagram\"><\/i><\/a><\/li>\n\t                            \t                            \t                        <\/ul>\n\t                    <\/div>\n\t                <\/div>\n\t           \t\t\t            <\/div>\n\t        <\/div>\n\t    <\/div>\n\t\t\t\t\t<\/div>\n\t\t\t\t<\/div>\n\t\t\t\t\t<\/div>\n\t\t\t\t<\/div>\n\t\t<div class=\"elementor-element elementor-element-f59a3c4 e-flex e-con-boxed e-con e-parent\" data-id=\"f59a3c4\" data-element_type=\"container\" data-e-type=\"container\">\n\t\t\t\t\t<div class=\"e-con-inner\">\n\t\t<div class=\"elementor-element elementor-element-ce6fdd1 e-con-full e-flex e-con e-child\" data-id=\"ce6fdd1\" data-element_type=\"container\" data-e-type=\"container\">\n\t\t\t\t<div class=\"elementor-element elementor-element-1f9b8de elementor-widget elementor-widget-image\" data-id=\"1f9b8de\" data-element_type=\"widget\" data-e-type=\"widget\" data-widget_type=\"image.default\">\n\t\t\t\t\t\t\t\t\t\t\t\t\t\t\t<img fetchpriority=\"high\" decoding=\"async\" width=\"768\" height=\"383\" src=\"https:\/\/afyonikincielesyaalimsatimspot.com.tr\/wp-content\/uploads\/2026\/02\/gifgit-768x383.gif\" class=\"attachment-medium_large size-medium_large wp-image-674\" alt=\"\" srcset=\"https:\/\/afyonikincielesyaalimsatimspot.com.tr\/wp-content\/uploads\/2026\/02\/gifgit-768x383.gif 768w, https:\/\/afyonikincielesyaalimsatimspot.com.tr\/wp-content\/uploads\/2026\/02\/gifgit-300x150.gif 300w, https:\/\/afyonikincielesyaalimsatimspot.com.tr\/wp-content\/uploads\/2026\/02\/gifgit-1024x511.gif 1024w, https:\/\/afyonikincielesyaalimsatimspot.com.tr\/wp-content\/uploads\/2026\/02\/gifgit-1536x766.gif 1536w, https:\/\/afyonikincielesyaalimsatimspot.com.tr\/wp-content\/uploads\/2026\/02\/gifgit-2048x1021.gif 2048w, https:\/\/afyonikincielesyaalimsatimspot.com.tr\/wp-content\/uploads\/2026\/02\/gifgit-600x299.gif 600w\" sizes=\"(max-width: 768px) 100vw, 768px\" \/>\t\t\t\t\t\t\t\t\t\t\t\t\t\t\t<\/div>\n\t\t\t\t<\/div>\n\t\t<div class=\"elementor-element elementor-element-b72429b e-con-full e-flex e-con e-child\" data-id=\"b72429b\" data-element_type=\"container\" data-e-type=\"container\">\n\t\t\t\t<div class=\"elementor-element elementor-element-4c0dec2 elementor-widget elementor-widget-image\" data-id=\"4c0dec2\" data-element_type=\"widget\" data-e-type=\"widget\" data-widget_type=\"image.default\">\n\t\t\t\t\t\t\t\t\t\t\t\t\t\t\t<img decoding=\"async\" width=\"900\" height=\"449\" src=\"https:\/\/afyonikincielesyaalimsatimspot.com.tr\/wp-content\/uploads\/2026\/02\/2.EL-1-1024x511.gif\" class=\"attachment-large size-large wp-image-670\" alt=\"\" srcset=\"https:\/\/afyonikincielesyaalimsatimspot.com.tr\/wp-content\/uploads\/2026\/02\/2.EL-1-1024x511.gif 1024w, https:\/\/afyonikincielesyaalimsatimspot.com.tr\/wp-content\/uploads\/2026\/02\/2.EL-1-300x150.gif 300w, https:\/\/afyonikincielesyaalimsatimspot.com.tr\/wp-content\/uploads\/2026\/02\/2.EL-1-768x383.gif 768w, https:\/\/afyonikincielesyaalimsatimspot.com.tr\/wp-content\/uploads\/2026\/02\/2.EL-1-1536x766.gif 1536w, https:\/\/afyonikincielesyaalimsatimspot.com.tr\/wp-content\/uploads\/2026\/02\/2.EL-1-2048x1021.gif 2048w, https:\/\/afyonikincielesyaalimsatimspot.com.tr\/wp-content\/uploads\/2026\/02\/2.EL-1-600x299.gif 600w\" sizes=\"(max-width: 900px) 100vw, 900px\" \/>\t\t\t\t\t\t\t\t\t\t\t\t\t\t\t<\/div>\n\t\t\t\t<\/div>\n\t\t\t\t\t<\/div>\n\t\t\t\t<\/div>\n\t\t\t\t<\/div>\n\t\t","protected":false},"excerpt":{"rendered":"<p>01. TEKK\u00d6K MOB\u0130LYA L &#8211; KOLTUK 02. TEKK\u00d6K MOB\u0130LYA 3&#8217;L\u00fc Sehba 03. TEKK\u00d6K MOB\u0130LYA KOLTUK 04. TEKK\u00d6K MOB\u0130LYA BUZDOLABI 05. TEKK\u00d6K MOB\u0130LYA BAZA 06. TEKK\u00d6K MOB\u0130LYA \u00c7AMA\u015eIR MAK\u0130NASI HAKKIMIZDA TEKK\u00d6K Mobilya Afyon&#8217;un G\u00fcvenilir \u0130kinci El E\u015fya ve Spot Merkezi Afyonkarahisar&#8217;\u0131n \u00f6nde gelen ikinci el e\u015fya al\u0131m sat\u0131m ve spot e\u015fya firmalar\u0131ndan biri olarak y\u0131llard\u0131r hizmet [&hellip;]<\/p>\n","protected":false},"author":1,"featured_media":0,"parent":0,"menu_order":0,"comment_status":"closed","ping_status":"closed","template":"page-templates\/home-light.php","meta":{"footnotes":""},"class_list":["post-29","page","type-page","status-publish","hentry"],"_links":{"self":[{"href":"https:\/\/afyonikincielesyaalimsatimspot.com.tr\/index.php?rest_route=\/wp\/v2\/pages\/29","targetHints":{"allow":["GET"]}}],"collection":[{"href":"https:\/\/afyonikincielesyaalimsatimspot.com.tr\/index.php?rest_route=\/wp\/v2\/pages"}],"about":[{"href":"https:\/\/afyonikincielesyaalimsatimspot.com.tr\/index.php?rest_route=\/wp\/v2\/types\/page"}],"author":[{"embeddable":true,"href":"https:\/\/afyonikincielesyaalimsatimspot.com.tr\/index.php?rest_route=\/wp\/v2\/users\/1"}],"replies":[{"embeddable":true,"href":"https:\/\/afyonikincielesyaalimsatimspot.com.tr\/index.php?rest_route=%2Fwp%2Fv2%2Fcomments&post=29"}],"version-history":[{"count":30,"href":"https:\/\/afyonikincielesyaalimsatimspot.com.tr\/index.php?rest_route=\/wp\/v2\/pages\/29\/revisions"}],"predecessor-version":[{"id":677,"href":"https:\/\/afyonikincielesyaalimsatimspot.com.tr\/index.php?rest_route=\/wp\/v2\/pages\/29\/revisions\/677"}],"wp:attachment":[{"href":"https:\/\/afyonikincielesyaalimsatimspot.com.tr\/index.php?rest_route=%2Fwp%2Fv2%2Fmedia&parent=29"}],"curies":[{"name":"wp","href":"https:\/\/api.w.org\/{rel}","templated":true}]}}